{"id":1047,"date":"2025-01-31T13:17:41","date_gmt":"2025-01-31T13:17:41","guid":{"rendered":"https:\/\/holosrintr.com\/?page_id=1047"},"modified":"2025-01-31T13:17:41","modified_gmt":"2025-01-31T13:17:41","slug":"a-propos-de-nous","status":"publish","type":"page","link":"https:\/\/holosrintr.com\/?page_id=1047","title":{"rendered":"\u00c0 propos de nous"},"content":{"rendered":"<p>Bienvenue \u00e0 Smoccesord &#8211; Votre portail vers un contenu engageant et informatif<br \/>\nChez Smoccesord, nous croyons au pouvoir de la connaissance et du divertissement. Notre mission est de fournir aux lecteurs un contenu de haute qualit\u00e9, perspicace et diversifi\u00e9, couvrant un large \u00e9ventail de sujets. Que vous soyez \u00e0 la recherche de conseils pratiques, des derni\u00e8res tendances ou simplement d&rsquo;une lecture agr\u00e9able, nous avons quelque chose pour tout le monde.<\/p>\n<p>Qui sommes-nous ?<br \/>\nNous sommes une \u00e9quipe passionn\u00e9e de r\u00e9dacteurs, de chercheurs et de passionn\u00e9s qui se consacrent \u00e0 la cr\u00e9ation d&rsquo;une plateforme unique pour un contenu enrichissant et attrayant. Notre objectif est de rendre l&rsquo;apprentissage et l&rsquo;exploration accessibles \u00e0 tous, quels que soient leurs int\u00e9r\u00eats ou leurs ant\u00e9c\u00e9dents.<\/p>\n<p>Nous sommes fiers de proposer un contenu qui ne se contente pas d&rsquo;informer, mais qui inspire \u00e9galement. Nos articles sont soigneusement con\u00e7us pour apporter de la valeur \u00e0 nos lecteurs tout en respectant les normes les plus strictes en mati\u00e8re d&rsquo;int\u00e9grit\u00e9 et de professionnalisme.<\/p>\n<p>Ce que nous proposons<br \/>\nDes sujets vari\u00e9s : Des conseils en mati\u00e8re de sant\u00e9 et de mode de vie aux innovations technologiques et aux d\u00e9licieuses recettes, notre contenu couvre un large \u00e9ventail d&rsquo;int\u00e9r\u00eats.<br \/>\nLa qualit\u00e9 avant tout : Chaque contenu fait l&rsquo;objet de recherches approfondies et est r\u00e9dig\u00e9 avec le plus grand soin afin d&rsquo;en garantir l&rsquo;exactitude et la pertinence.<br \/>\nConception conviviale : Notre site est con\u00e7u pour offrir une exp\u00e9rience de lecture agr\u00e9able et transparente.<\/p>\n<p>Notre vision<br \/>\nNotre vision est de devenir une source d&rsquo;information et de divertissement fiable, en encourageant une communaut\u00e9 de lecteurs curieux et engag\u00e9s. En proposant un contenu de qualit\u00e9, nous souhaitons donner \u00e0 notre public les moyens de prendre des d\u00e9cisions \u00e9clair\u00e9es et d&rsquo;am\u00e9liorer leur vie quotidienne.<\/p>\n<p>Notre engagement<br \/>\nLa transparence : Nous nous engageons \u00e0 \u00eatre transparents sur notre processus de cr\u00e9ation de contenu et nos partenariats.<br \/>\nConformit\u00e9 : Nous respectons toutes les normes du secteur, y compris les directives relatives \u00e0 la protection de la vie priv\u00e9e et au contenu, afin de garantir une exp\u00e9rience de navigation s\u00fbre et s\u00e9curis\u00e9e.<br \/>\nInclusion : Nous croyons en la cr\u00e9ation d&rsquo;une plateforme qui accueille des perspectives et des voix diverses.<br \/>\nMon\u00e9tisation et partenariats<br \/>\nPour maintenir la qualit\u00e9 et la disponibilit\u00e9 de notre contenu, nous le mon\u00e9tisons par le biais d&rsquo;annonces publicitaires et de partenariats d&rsquo;affiliation. Les publicit\u00e9s pr\u00e9sent\u00e9es sur notre site sont soigneusement s\u00e9lectionn\u00e9es pour correspondre aux int\u00e9r\u00eats de nos lecteurs tout en pr\u00e9servant l&rsquo;ind\u00e9pendance \u00e9ditoriale.<\/p>\n<p>Si vous \u00eates une entreprise ou une marque int\u00e9ress\u00e9e par une collaboration avec nous, veuillez consulter notre page Partenariat avec nous pour explorer les possibilit\u00e9s qui s&rsquo;offrent \u00e0 vous.<\/p>\n<p>Connectez-vous avec nous<br \/>\nNous appr\u00e9cions votre retour d&rsquo;information et vous encourageons \u00e0 nous faire part de vos r\u00e9flexions, de vos questions ou de vos suggestions. Ensemble, nous pouvons continuer \u00e0 faire d&rsquo;Smoccesord une plateforme qui sert efficacement ses lecteurs. N&rsquo;h\u00e9sitez pas \u00e0 nous contacter via notre page Contactez-nous ou \u00e0 vous connecter avec nous sur nos canaux de m\u00e9dias sociaux. Merci d&rsquo;avoir visit\u00e9 Smoccesord. Nous esp\u00e9rons que vous prendrez autant de plaisir \u00e0 explorer notre contenu que nous en prenons \u00e0 le cr\u00e9er pour vous.<\/p>\n","protected":false},"excerpt":{"rendered":"<p>Bienvenue \u00e0 Smoccesord &#8211; Votre portail vers un contenu engageant et informatif Chez Smoccesord, nous croyons au pouvoir de la connaissance et du divertissement. Notre mission est de fournir aux lecteurs un contenu de haute qualit\u00e9, perspicace et diversifi\u00e9, couvrant un large \u00e9ventail de sujets. Que vous soyez \u00e0 la recherche de conseils pratiques, des [&hellip;]<\/p>\n","protected":false},"author":1,"featured_media":0,"parent":0,"menu_order":0,"comment_status":"closed","ping_status":"closed","template":"","meta":{"footnotes":""},"class_list":["post-1047","page","type-page","status-publish","hentry"],"_links":{"self":[{"href":"https:\/\/holosrintr.com\/index.php?rest_route=\/wp\/v2\/pages\/1047","targetHints":{"allow":["GET"]}}],"collection":[{"href":"https:\/\/holosrintr.com\/index.php?rest_route=\/wp\/v2\/pages"}],"about":[{"href":"https:\/\/holosrintr.com\/index.php?rest_route=\/wp\/v2\/types\/page"}],"author":[{"embeddable":true,"href":"https:\/\/holosrintr.com\/index.php?rest_route=\/wp\/v2\/users\/1"}],"replies":[{"embeddable":true,"href":"https:\/\/holosrintr.com\/index.php?rest_route=%2Fwp%2Fv2%2Fcomments&post=1047"}],"version-history":[{"count":1,"href":"https:\/\/holosrintr.com\/index.php?rest_route=\/wp\/v2\/pages\/1047\/revisions"}],"predecessor-version":[{"id":1049,"href":"https:\/\/holosrintr.com\/index.php?rest_route=\/wp\/v2\/pages\/1047\/revisions\/1049"}],"wp:attachment":[{"href":"https:\/\/holosrintr.com\/index.php?rest_route=%2Fwp%2Fv2%2Fmedia&parent=1047"}],"curies":[{"name":"wp","href":"https:\/\/api.w.org\/{rel}","templated":true}]}}