{"id":1039,"date":"2025-01-31T13:16:20","date_gmt":"2025-01-31T13:16:20","guid":{"rendered":"https:\/\/holosrintr.com\/?page_id=1039"},"modified":"2025-06-17T14:46:52","modified_gmt":"2025-06-17T14:46:52","slug":"demandes-de-donnees","status":"publish","type":"page","link":"https:\/\/holosrintr.com\/?page_id=1039","title":{"rendered":"Demandes de donn\u00e9es"},"content":{"rendered":"<p>Chez Smoccesord, nous respectons votre vie priv\u00e9e et nous nous engageons \u00e0 respecter les normes les plus \u00e9lev\u00e9es en mati\u00e8re de protection des donn\u00e9es. Nous respectons pleinement les lois et r\u00e9glementations pertinentes en mati\u00e8re de confidentialit\u00e9, y compris le R\u00e8glement g\u00e9n\u00e9ral sur la protection des donn\u00e9es (RGPD) et le California Consumer Privacy Act (CCPA), le cas \u00e9ch\u00e9ant. Cette page explique comment vous pouvez demander l&rsquo;acc\u00e8s, la mise \u00e0 jour ou la suppression de vos donn\u00e9es personnelles que nous collectons, stockons ou traitons.<\/p>\n<p>Types de demandes de donn\u00e9es<\/p>\n<p>En vertu des lois applicables en mati\u00e8re de protection de la vie priv\u00e9e, vous disposez des droits suivants concernant vos donn\u00e9es \u00e0 caract\u00e8re personnel :<\/p>\n<p>Droit d&rsquo;acc\u00e8s : Vous pouvez demander \u00e0 conna\u00eetre les informations personnelles que nous d\u00e9tenons \u00e0 votre sujet, les raisons pour lesquelles nous les traitons et les personnes avec lesquelles elles ont \u00e9t\u00e9 partag\u00e9es.<br \/>\nDroit de rectification : Si l&rsquo;une des informations que nous d\u00e9tenons \u00e0 votre sujet est inexacte ou incompl\u00e8te, vous pouvez demander \u00e0 ce qu&rsquo;elle soit corrig\u00e9e ou mise \u00e0 jour.<br \/>\nDroit \u00e0 la suppression (droit \u00e0 l&rsquo;oubli) : Vous pouvez nous demander de supprimer vos informations personnelles, sous r\u00e9serve de certaines exceptions pr\u00e9vues par la l\u00e9gislation applicable.<br \/>\nDroit \u00e0 la portabilit\u00e9 des donn\u00e9es : Vous pouvez demander une copie de vos donn\u00e9es \u00e0 caract\u00e8re personnel dans un format structur\u00e9, couramment utilis\u00e9 et lisible par machine.<br \/>\nDroit d&rsquo;opposition : Vous pouvez vous opposer au traitement de vos informations personnelles, y compris \u00e0 l&rsquo;utilisation des donn\u00e9es \u00e0 des fins de marketing.<br \/>\nDroit \u00e0 la limitation du traitement : Dans certaines circonstances, vous pouvez nous demander de restreindre le traitement de vos donn\u00e9es.<br \/>\nComment soumettre une demande de donn\u00e9es<\/p>\n<p>Vous pouvez soumettre une demande de donn\u00e9es en utilisant l&rsquo;une des m\u00e9thodes suivantes :<br \/>\nFormulaire de demande en ligne :<br \/>\nVisitez notre formulaire de demande de donn\u00e9es pour soumettre votre demande en ligne. Veuillez fournir des informations exactes pour nous aider \u00e0 traiter votre demande rapidement.<br \/>\nCourriel :<br \/>\nEnvoyez un courriel \u00e0 privacy@holosrintr.com avec pour objet \u00ab Demande de donn\u00e9es \u00bb, en pr\u00e9cisant les d\u00e9tails de la demande (par exemple, acc\u00e8s, suppression, mise \u00e0 jour). Indiquez votre nom complet, vos coordonn\u00e9es et toute information sp\u00e9cifique relative \u00e0 votre demande.<br \/>\nCourrier postal :<br \/>\nVous pouvez nous \u00e9crire \u00e0 l&rsquo;adresse suivante 55 Rue F\u00e9libien, 44000 Nantes, France<br \/>\nData Protection Team, Smoccesord, 55 Rue F\u00e9libien, 44000 Nantes, France<\/p>\n<p>Incluez tous les d\u00e9tails n\u00e9cessaires dans votre lettre afin d&rsquo;obtenir une r\u00e9ponse plus rapide.<\/p>\n<p>Processus de v\u00e9rification<\/p>\n<p>Pour garantir la s\u00e9curit\u00e9 et la confidentialit\u00e9 de vos informations personnelles, il se peut que nous devions v\u00e9rifier votre identit\u00e9 avant de traiter votre demande. Nous pouvons vous demander des informations suppl\u00e9mentaires pour v\u00e9rifier votre identit\u00e9, telles qu&rsquo;une pi\u00e8ce d&rsquo;identit\u00e9 d\u00e9livr\u00e9e par le gouvernement ou des d\u00e9tails sur vos interactions ant\u00e9rieures avec nous. Cela permet d&rsquo;\u00e9viter tout acc\u00e8s non autoris\u00e9 \u00e0 vos donn\u00e9es.<\/p>\n<p>D\u00e9lai de r\u00e9ponse aux demandes de donn\u00e9es<\/p>\n<p>Nous nous effor\u00e7ons de r\u00e9pondre aux demandes de donn\u00e9es dans les 30 jours suivant la r\u00e9ception d&rsquo;une demande valide, conform\u00e9ment aux lignes directrices du GDPR. Pour les demandes de la CCPA, nous nous effor\u00e7ons de r\u00e9pondre dans un d\u00e9lai de 45 jours, qui peut \u00eatre prolong\u00e9 une fois de 45 jours suppl\u00e9mentaires si n\u00e9cessaire. Si nous avons besoin d&rsquo;une prolongation, nous vous en informerons dans le d\u00e9lai initial.<br \/>\nLimitations et exceptions<\/p>\n<p>Certaines exceptions l\u00e9gales peuvent s&rsquo;appliquer \u00e0 vos droits en mati\u00e8re de donn\u00e9es. Par exemple, il se peut que nous ne soyons pas en mesure de supprimer des informations n\u00e9cessaires au respect d&rsquo;obligations l\u00e9gales, de mesures de s\u00e9curit\u00e9 ou \u00e0 la r\u00e9alisation de transactions que vous avez initi\u00e9es.<\/p>\n<p>Agents autoris\u00e9s<\/p>\n<p>Si vous souhaitez autoriser une autre personne ou entit\u00e9 \u00e0 agir en votre nom dans le cadre d&rsquo;une demande de donn\u00e9es, nous pouvons vous demander une autorisation \u00e9crite confirmant cette autorisation. L&rsquo;agent autoris\u00e9 devra \u00e9galement v\u00e9rifier son identit\u00e9 aupr\u00e8s de nous.<\/p>\n<p>Contact pour la protection des donn\u00e9es<\/p>\n<p>Si vous avez des questions ou des pr\u00e9occupations concernant vos droits en mati\u00e8re de donn\u00e9es, ou si vous rencontrez des probl\u00e8mes avec le processus de demande de donn\u00e9es, veuillez contacter notre d\u00e9l\u00e9gu\u00e9 \u00e0 la protection des donn\u00e9es (DPD) :<\/p>\n<p>Courriel : info@holosrintr.com<br \/>\nT\u00e9l\u00e9phone : +33472297234<br \/>\nFormulaire web : https:\/\/holosrintr.com<br \/>\nAdresse postale : 55 Rue F\u00e9libien, 44000 Nantes, France<br \/>\nNous nous engageons \u00e0 veiller \u00e0 ce que vos droits en mati\u00e8re de donn\u00e9es soient respect\u00e9s et \u00e0 ce que vos informations personnelles soient trait\u00e9es de mani\u00e8re s\u00fbre et transparente.<\/p>\n<p>Modifications de la pr\u00e9sente page sur les demandes de donn\u00e9es<\/p>\n<p>Nous pouvons mettre \u00e0 jour cette page p\u00e9riodiquement pour refl\u00e9ter les changements dans nos pratiques de traitement des donn\u00e9es ou les exigences de conformit\u00e9. Toute modification sera publi\u00e9e ici et nous vous encourageons \u00e0 consulter r\u00e9guli\u00e8rement cette page pour rester inform\u00e9 de la mani\u00e8re dont nous prot\u00e9geons vos droits en mati\u00e8re de donn\u00e9es.<\/p>\n","protected":false},"excerpt":{"rendered":"<p>Chez Smoccesord, nous respectons votre vie priv\u00e9e et nous nous engageons \u00e0 respecter les normes les plus \u00e9lev\u00e9es en mati\u00e8re de protection des donn\u00e9es. Nous respectons pleinement les lois et r\u00e9glementations pertinentes en mati\u00e8re de confidentialit\u00e9, y compris le R\u00e8glement g\u00e9n\u00e9ral sur la protection des donn\u00e9es (RGPD) et le California Consumer Privacy Act (CCPA), le [&hellip;]<\/p>\n","protected":false},"author":1,"featured_media":0,"parent":0,"menu_order":0,"comment_status":"closed","ping_status":"closed","template":"","meta":{"footnotes":""},"class_list":["post-1039","page","type-page","status-publish","hentry"],"_links":{"self":[{"href":"https:\/\/holosrintr.com\/index.php?rest_route=\/wp\/v2\/pages\/1039","targetHints":{"allow":["GET"]}}],"collection":[{"href":"https:\/\/holosrintr.com\/index.php?rest_route=\/wp\/v2\/pages"}],"about":[{"href":"https:\/\/holosrintr.com\/index.php?rest_route=\/wp\/v2\/types\/page"}],"author":[{"embeddable":true,"href":"https:\/\/holosrintr.com\/index.php?rest_route=\/wp\/v2\/users\/1"}],"replies":[{"embeddable":true,"href":"https:\/\/holosrintr.com\/index.php?rest_route=%2Fwp%2Fv2%2Fcomments&post=1039"}],"version-history":[{"count":2,"href":"https:\/\/holosrintr.com\/index.php?rest_route=\/wp\/v2\/pages\/1039\/revisions"}],"predecessor-version":[{"id":1142,"href":"https:\/\/holosrintr.com\/index.php?rest_route=\/wp\/v2\/pages\/1039\/revisions\/1142"}],"wp:attachment":[{"href":"https:\/\/holosrintr.com\/index.php?rest_route=%2Fwp%2Fv2%2Fmedia&parent=1039"}],"curies":[{"name":"wp","href":"https:\/\/api.w.org\/{rel}","templated":true}]}}